{"id":516,"date":"2022-04-06T00:10:20","date_gmt":"2022-04-06T05:10:20","guid":{"rendered":"https:\/\/csc.gob.ec\/WEB\/?page_id=516"},"modified":"2023-07-06T09:19:27","modified_gmt":"2023-07-06T14:19:27","slug":"quienes-somos","status":"publish","type":"page","link":"https:\/\/csc.gob.ec\/WEB\/quienes-somos\/","title":{"rendered":"Qui\u00e9nes somos?"},"content":{"rendered":"\t\t<div data-elementor-type=\"wp-page\" data-elementor-id=\"516\" class=\"elementor elementor-516\">\n\t\t\t\t\t\t<section class=\"elementor-section elementor-top-section elementor-element elementor-element-6bffa1e elementor-section-boxed elementor-section-height-default elementor-section-height-default\" data-id=\"6bffa1e\" data-element_type=\"section\">\n\t\t\t\t\t\t<div class=\"elementor-container elementor-column-gap-default\">\n\t\t\t\t\t<div class=\"elementor-column elementor-col-100 elementor-top-column elementor-element elementor-element-52cec8a\" data-id=\"52cec8a\" data-element_type=\"column\">\n\t\t\t<div class=\"elementor-widget-wrap\">\n\t\t\t\t\t\t\t<\/div>\n\t\t<\/div>\n\t\t\t\t\t<\/div>\n\t\t<\/section>\n\t\t\t\t<section class=\"elementor-section elementor-top-section elementor-element elementor-element-ca0b8c4 elementor-section-boxed elementor-section-height-default elementor-section-height-default\" data-id=\"ca0b8c4\" data-element_type=\"section\">\n\t\t\t\t\t\t<div class=\"elementor-container elementor-column-gap-default\">\n\t\t\t\t\t<div class=\"elementor-column elementor-col-100 elementor-top-column elementor-element elementor-element-9fc696b\" data-id=\"9fc696b\" data-element_type=\"column\">\n\t\t\t<div class=\"elementor-widget-wrap elementor-element-populated\">\n\t\t\t\t\t\t<div class=\"elementor-element elementor-element-1ba989f elementor-widget elementor-widget-heading\" data-id=\"1ba989f\" data-element_type=\"widget\" data-settings=\"{&quot;ekit_we_effect_on&quot;:&quot;none&quot;}\" data-widget_type=\"heading.default\">\n\t\t\t\t<div class=\"elementor-widget-container\">\n\t\t\t<style>\/*! elementor - v3.21.0 - 26-05-2024 *\/\n.elementor-heading-title{padding:0;margin:0;line-height:1}.elementor-widget-heading .elementor-heading-title[class*=elementor-size-]>a{color:inherit;font-size:inherit;line-height:inherit}.elementor-widget-heading .elementor-heading-title.elementor-size-small{font-size:15px}.elementor-widget-heading .elementor-heading-title.elementor-size-medium{font-size:19px}.elementor-widget-heading .elementor-heading-title.elementor-size-large{font-size:29px}.elementor-widget-heading .elementor-heading-title.elementor-size-xl{font-size:39px}.elementor-widget-heading .elementor-heading-title.elementor-size-xxl{font-size:59px}<\/style><h2 class=\"elementor-heading-title elementor-size-default\">HISTORIA <\/h2>\t\t<\/div>\n\t\t\t\t<\/div>\n\t\t\t\t\t<\/div>\n\t\t<\/div>\n\t\t\t\t\t<\/div>\n\t\t<\/section>\n\t\t\t\t<section class=\"elementor-section elementor-top-section elementor-element elementor-element-c0f7f67 elementor-section-boxed elementor-section-height-default elementor-section-height-default\" data-id=\"c0f7f67\" data-element_type=\"section\">\n\t\t\t\t\t\t<div class=\"elementor-container elementor-column-gap-default\">\n\t\t\t\t\t<div class=\"elementor-column elementor-col-50 elementor-top-column elementor-element elementor-element-1610d06\" data-id=\"1610d06\" data-element_type=\"column\">\n\t\t\t<div class=\"elementor-widget-wrap elementor-element-populated\">\n\t\t\t\t\t\t<div class=\"elementor-element elementor-element-09b2514 elementor-widget elementor-widget-text-editor\" data-id=\"09b2514\" data-element_type=\"widget\" data-settings=\"{&quot;ekit_we_effect_on&quot;:&quot;none&quot;}\" data-widget_type=\"text-editor.default\">\n\t\t\t\t<div class=\"elementor-widget-container\">\n\t\t\t<style>\/*! elementor - v3.21.0 - 26-05-2024 *\/\n.elementor-widget-text-editor.elementor-drop-cap-view-stacked .elementor-drop-cap{background-color:#69727d;color:#fff}.elementor-widget-text-editor.elementor-drop-cap-view-framed .elementor-drop-cap{color:#69727d;border:3px solid;background-color:transparent}.elementor-widget-text-editor:not(.elementor-drop-cap-view-default) .elementor-drop-cap{margin-top:8px}.elementor-widget-text-editor:not(.elementor-drop-cap-view-default) .elementor-drop-cap-letter{width:1em;height:1em}.elementor-widget-text-editor .elementor-drop-cap{float:left;text-align:center;line-height:1;font-size:50px}.elementor-widget-text-editor .elementor-drop-cap-letter{display:inline-block}<\/style>\t\t\t\t<p>Considerando la informaci\u00f3n disponible en el Plan de Seguridad y Convivencia Ciudadana del Cant\u00f3n Cuenca, relacionada con los antecedentes del Consejo de Seguridad Ciudadana del Cant\u00f3n Cuenca, puntualiza que este se inicia por el a\u00f1o 1995, con el Proyecto Fasbase-Red de Emergencias (Fortalecimiento y Ampliaci\u00f3n de los Servicios B\u00e1sicos de Salud en el Ecuador), y cuyo objetivo era fortalecer el sistema de emergencias entre hospitales p\u00fablicos y privados, orientando sus esfuerzos a los campos de la infraestructura, transporte y comunicaci\u00f3n.<\/p><p>Las primeras instalaciones para el funcionamiento del Consejo de Seguridad Ciudadana del Cant\u00f3n Cuenca fue en un inmueble ubicado en la Plazoleta San Francisco entre las calles General Torres y Presidente C\u00f3rdova, en donde el Ilustre Municipio del Cant\u00f3n Cuenca entregar\u00eda en comodato los primeros equipos de emergencia para la central 911.<\/p><p>Las instalaciones en las que funcionaba el Consejo de Seguridad Ciudadana del Cant\u00f3n Cuenca (CSCC) en el centro de la ciudad, no brindaban las facilidades estructurales, de seguridad y t\u00e9cnicas para el desarrollo de subsistemas de video vigilancia y alarmas comunitarias, por lo que se decidi\u00f3 trasladarlo a sus actuales instalaciones en las calles Santiago Carrasco y Jacinto Flores.<\/p><p>Posteriormente, en el a\u00f1o 2001, la ilustre Municipalidad de Cuenca dicta la ordenanza que regula el Consejo de Seguridad Ciudadana del Cant\u00f3n Cuenca, como un ente coordinador que articula la red de emergencias m\u00e9dicas y la seguridad de los ciudadanos.<\/p><p>En su art. 4 se estipula que el CSCC, para el cumplimiento de sus objetivos, se valdr\u00e1 de varios medios, entre ellos en su numeral 2 se\u00f1ala la: \u201cFormulaci\u00f3n y ejecuci\u00f3n de planes, programas y proyectos de seguridad ciudadana integral\u201d.<\/p><p>En cuanto a los antecedentes hist\u00f3ricos, se hace referencia que el edificio del CSC se dise\u00f1\u00f3 buscando una autonom\u00eda en infraestructura f\u00edsica y servicios b\u00e1sicos, con una base de 20 km de fibra \u00f3ptica de 11 pares de hilos que enlaza a la central telef\u00f3nica de Etapa del Centro Hist\u00f3rico, Totoracocha, El Ejido y Feria Libre, cerr\u00e1ndose el anillo de fibra para tener en tiempo real la captaci\u00f3n de im\u00e1genes de seguridad, a m\u00e1s de emergencias m\u00e9dicas, emergencias de tr\u00e1nsito y enlace con las c\u00e1maras del terminal terrestre.<\/p><p>En sesiones del Ilustre Concejo Cantonal del 23 de diciembre de 2002, 2 de enero de 2003, 28 de diciembre de 2005 y 28 de diciembre de 2006, se conoci\u00f3 y aprob\u00f3 las reformas a la ordenanza que regula el Consejo de Seguridad Ciudadana del Cant\u00f3n Cuenca, y recibieron el dictamen favorable por parte de la Subsecretar\u00eda General jur\u00eddica del Ministerio de Econom\u00eda y Finanzas.<\/p>\t\t\t\t\t\t<\/div>\n\t\t\t\t<\/div>\n\t\t\t\t\t<\/div>\n\t\t<\/div>\n\t\t\t\t<div class=\"elementor-column elementor-col-50 elementor-top-column elementor-element elementor-element-095d114\" data-id=\"095d114\" data-element_type=\"column\">\n\t\t\t<div class=\"elementor-widget-wrap elementor-element-populated\">\n\t\t\t\t\t\t<div class=\"elementor-element elementor-element-d9c749c elementor-widget elementor-widget-text-editor\" data-id=\"d9c749c\" data-element_type=\"widget\" data-settings=\"{&quot;ekit_we_effect_on&quot;:&quot;none&quot;}\" data-widget_type=\"text-editor.default\">\n\t\t\t\t<div class=\"elementor-widget-container\">\n\t\t\t\t\t\t\t<p>Seguidamente, el 21 de noviembre de 2008, en el Registro Oficial N.\u00b0 472, se publica la ordenanza que regula el Consejo de Seguridad Ciudadana del Cant\u00f3n Cuenca, sus reformas y la tasa de servicio para<\/p><p>A los 31 d\u00edas del mes de agosto de 2016, el Ilustre Concejo Cantonal de Cuenca, aprueba la Ordenanza que regula el funcionamiento del Consejo de Seguridad Ciudadana del Cant\u00f3n Cuenca, luego del primero y segundo debates en las sesiones extraordinarias del 9 de agosto de 2016 y 31 de agosto de 2016.<\/p><p>Dicha Ordenanza en su Art. 1. indica \u201cEl Consejo El Consejo de Seguridad Ciudadana del cant\u00f3n Cuenca es un organismo t\u00e9cnico de formulaci\u00f3n, coordinaci\u00f3n, planificaci\u00f3n y ejecuci\u00f3n de pol\u00edticas p\u00fablicas, programas, planes de acci\u00f3n, en general, relacionadas con la garant\u00eda efectiva del derecho a un h\u00e1bitat seguro y al pleno y democr\u00e1tico disfrute de la ciudad, en el cant\u00f3n Cuenca.<\/p><p>El Consejo de Seguridad Ciudadana del cant\u00f3n Cuenca se constituye como una persona jur\u00eddica de derecho p\u00fablico creada mediante acto normativo, con autonom\u00eda administrativa, operativa, patrimonial y financiera sin fines de lucro\u2026..\u201d.<\/p><p><a title=\"\" href=\"https:\/\/mail.google.com\/mail\/u\/0\/#m_7837356634984126498_m_-7283803951988537781__ftn1\" name=\"m_7837356634984126498_m_-7283803951988537781__ftnref1\"><\/a>En cuanto a las competencias del Consejo de Seguridad Ciudadana del Cant\u00f3n Cuenca, est\u00e1n definidas en el art. 2 de la ordenanza que regula el funcionamiento del Consejo de Seguridad Ciudadana del Cant\u00f3n Cuenca, descritas en el marco normativo.<\/p><p>El 15 de julio de 2014, el Concejo Cantonal resuelve expedir el Estatuto Org\u00e1nico de Gesti\u00f3n Organizacional por Procesos para el Consejo de Seguridad Ciudadana del Cant\u00f3n Cuenca, que posteriormente en sesi\u00f3n extraordinaria del Directorio del Consejo de Seguridad Ciudadana del d\u00eda 07 de diciembre de 2017, en el segundo punto del orden del d\u00eda, se conoce y aprueba el nuevo Estatuto Org\u00e1nico y Manual de Descripci\u00f3n, Valoraci\u00f3n y Clasificaci\u00f3n de Puestos del Consejo de Seguridad Ciudadana del Cant\u00f3n Cuenca, en donde se actualiza y en t\u00e9rminos generales delimita su estructura, organizaci\u00f3n y funcionamiento en todos sus niveles as\u00ed como tambi\u00e9n sus procesos y asigna misiones, responsabilidades, atribuciones y responsabilidades de cada una de las funciones consideradas en la estructura organizativa de la instituci\u00f3n. Sin embargo este estatuto con el paso del tiempo y la evoluci\u00f3n de los escenarios y las demandas ciudadanas en temas de seguridad, debe ser revisado y actualizado en forma general.<\/p>\t\t\t\t\t\t<\/div>\n\t\t\t\t<\/div>\n\t\t\t\t\t<\/div>\n\t\t<\/div>\n\t\t\t\t\t<\/div>\n\t\t<\/section>\n\t\t\t\t<section class=\"elementor-section elementor-top-section elementor-element elementor-element-22e5890 elementor-section-boxed elementor-section-height-default elementor-section-height-default\" data-id=\"22e5890\" data-element_type=\"section\">\n\t\t\t\t\t\t<div class=\"elementor-container elementor-column-gap-default\">\n\t\t\t\t\t<div class=\"elementor-column elementor-col-100 elementor-top-column elementor-element elementor-element-1b616da\" data-id=\"1b616da\" data-element_type=\"column\">\n\t\t\t<div class=\"elementor-widget-wrap elementor-element-populated\">\n\t\t\t\t\t\t<div class=\"elementor-element elementor-element-532f0cd elementor-widget elementor-widget-image\" data-id=\"532f0cd\" data-element_type=\"widget\" data-settings=\"{&quot;ekit_we_effect_on&quot;:&quot;none&quot;}\" data-widget_type=\"image.default\">\n\t\t\t\t<div class=\"elementor-widget-container\">\n\t\t\t<style>\/*! elementor - v3.21.0 - 26-05-2024 *\/\n.elementor-widget-image{text-align:center}.elementor-widget-image a{display:inline-block}.elementor-widget-image a img[src$=\".svg\"]{width:48px}.elementor-widget-image img{vertical-align:middle;display:inline-block}<\/style>\t\t\t\t\t\t\t\t\t\t<img fetchpriority=\"high\" decoding=\"async\" width=\"1024\" height=\"686\" src=\"https:\/\/csc.gob.ec\/WEB\/wp-content\/uploads\/2022\/04\/logos-que-conforman-1024x686-1.png\" class=\"attachment-large size-large wp-image-866\" alt=\"\" srcset=\"https:\/\/csc.gob.ec\/WEB\/wp-content\/uploads\/2022\/04\/logos-que-conforman-1024x686-1.png 1024w, https:\/\/csc.gob.ec\/WEB\/wp-content\/uploads\/2022\/04\/logos-que-conforman-1024x686-1-300x201.png 300w, https:\/\/csc.gob.ec\/WEB\/wp-content\/uploads\/2022\/04\/logos-que-conforman-1024x686-1-768x515.png 768w\" sizes=\"(max-width: 1024px) 100vw, 1024px\" \/>\t\t\t\t\t\t\t\t\t\t\t\t\t<\/div>\n\t\t\t\t<\/div>\n\t\t\t\t\t<\/div>\n\t\t<\/div>\n\t\t\t\t\t<\/div>\n\t\t<\/section>\n\t\t\t\t<\/div>\n\t\t","protected":false},"excerpt":{"rendered":"<p>Misi\u00f3n Misi\u00f3n Misi\u00f3n Articular, formular y ejecutar pol\u00edticas locales, programas, planes, proyectos y evaluaci\u00f3n de resultados, basados en estudios estad\u00edsticos para la prevenci\u00f3n, en materia de seguridad y convivencia ciudadana para el cant\u00f3n Cuenca. Visi\u00f3n Visi\u00f3n Misi\u00f3n Liderar a nivel nacional el desarrollo de una cultura de seguridad integral y convivencia ciudadana con la participaci\u00f3n &hellip;<\/p>\n<p class=\"read-more\"> <a class=\"\" href=\"https:\/\/csc.gob.ec\/WEB\/quienes-somos\/\"> <span class=\"screen-reader-text\">Qui\u00e9nes somos?<\/span> Leer m\u00e1s &raquo;<\/a><\/p>\n","protected":false},"author":1,"featured_media":0,"parent":0,"menu_order":0,"comment_status":"closed","ping_status":"closed","template":"","meta":{"site-sidebar-layout":"no-sidebar","site-content-layout":"page-builder","ast-main-header-display":"","ast-hfb-above-header-display":"","ast-hfb-below-header-display":"","ast-hfb-mobile-header-display":"","site-post-title":"disabled","ast-breadcrumbs-content":"","ast-featured-img":"disabled","footer-sml-layout":"","theme-transparent-header-meta":"","adv-header-id-meta":"","stick-header-meta":"","header-above-stick-meta":"","header-main-stick-meta":"","header-below-stick-meta":"","footnotes":""},"class_list":["post-516","page","type-page","status-publish","hentry"],"_links":{"self":[{"href":"https:\/\/csc.gob.ec\/WEB\/wp-json\/wp\/v2\/pages\/516","targetHints":{"allow":["GET"]}}],"collection":[{"href":"https:\/\/csc.gob.ec\/WEB\/wp-json\/wp\/v2\/pages"}],"about":[{"href":"https:\/\/csc.gob.ec\/WEB\/wp-json\/wp\/v2\/types\/page"}],"author":[{"embeddable":true,"href":"https:\/\/csc.gob.ec\/WEB\/wp-json\/wp\/v2\/users\/1"}],"replies":[{"embeddable":true,"href":"https:\/\/csc.gob.ec\/WEB\/wp-json\/wp\/v2\/comments?post=516"}],"version-history":[{"count":0,"href":"https:\/\/csc.gob.ec\/WEB\/wp-json\/wp\/v2\/pages\/516\/revisions"}],"wp:attachment":[{"href":"https:\/\/csc.gob.ec\/WEB\/wp-json\/wp\/v2\/media?parent=516"}],"curies":[{"name":"wp","href":"https:\/\/api.w.org\/{rel}","templated":true}]}}